{"id":7,"date":"2023-09-21T20:25:28","date_gmt":"2023-09-21T20:25:28","guid":{"rendered":"https:\/\/brusckvallen.se\/?page_id=7"},"modified":"2026-01-09T16:23:49","modified_gmt":"2026-01-09T16:23:49","slug":"valkomna","status":"publish","type":"page","link":"https:\/\/brusckvallen.se\/brusckvallen\/","title":{"rendered":"V\u00e4lkommen"},"content":{"rendered":"\n<p>V\u00e4lkomna till Bruksvallarna och <em>Brusckvallen<\/em>, v\u00e5r fina fj\u00e4llstuga som ligger omgiven av fj\u00e4llbj\u00f6rkar och med vinterparadiset \u00f6verallt runt omkring.<\/p>\n\n\n\n<figure class=\"wp-block-image size-large\"><img loading=\"lazy\" decoding=\"async\" width=\"768\" height=\"1024\" src=\"https:\/\/brusckvallen.se\/wp-content\/uploads\/2026\/01\/IMG_5283-768x1024.jpg\" alt=\"\" class=\"wp-image-2708\" srcset=\"https:\/\/brusckvallen.se\/wp-content\/uploads\/2026\/01\/IMG_5283-768x1024.jpg 768w, https:\/\/brusckvallen.se\/wp-content\/uploads\/2026\/01\/IMG_5283-225x300.jpg 225w, https:\/\/brusckvallen.se\/wp-content\/uploads\/2026\/01\/IMG_5283-1152x1536.jpg 1152w, https:\/\/brusckvallen.se\/wp-content\/uploads\/2026\/01\/IMG_5283-1536x2048.jpg 1536w, https:\/\/brusckvallen.se\/wp-content\/uploads\/2026\/01\/IMG_5283-scaled.jpg 1920w\" sizes=\"auto, (max-width: 768px) 100vw, 768px\" \/><\/figure>\n\n\n\n<p>Huset \u00e4r ljust och rymligt med 8 b\u00e4ddar + 2 extrab\u00e4ddar. Det ligger h\u00f6gt och vetter med stora f\u00f6nster \u00f6ver stugtak mot Mitt\u00e5kl\u00e4ppen och Ramundberget. L\u00e4ngdsp\u00e5r och vandringsleder finns p\u00e5 g\u00e5ngavst\u00e5nd. Och vet man var man skall bege sig kan man gena ut till lederna mot Kariknallen och \u00d6sj\u00f6dalen eller ner till skidstadion\u2026<\/p>\n\n\n\n<p>Stugan \u00e4r byggd 2023 och det finns gott om plats f\u00f6r tv\u00e5 familjer med tre barn vardera att vintersemestra ihop&#8230;eller f\u00f6r storfamiljen i flera generationer som vill umg\u00e5s tillsammans. B\u00e5da v\u00e5ningsplanen har tv\u00e5 separata sovrum och varsitt badrum. K\u00f6k och storstuga \u00e4r v\u00e4l tilltaget. Separata v\u00e4rmegolv och ventilation i alla rum skapar ett behagligt inomhusklimat \u00f6verallt \u00e4ven n\u00e4r man \u00e4r m\u00e5nga.<\/p>\n\n\n\n<figure class=\"wp-block-gallery has-nested-images columns-default is-cropped wp-block-gallery-1 is-layout-flex wp-block-gallery-is-layout-flex\">\n<figure class=\"wp-block-image size-large\"><img loading=\"lazy\" decoding=\"async\" width=\"768\" height=\"1024\" data-id=\"2307\" src=\"https:\/\/brusckvallen.se\/wp-content\/uploads\/2023\/12\/20231209_143654700_iOS-1-768x1024.jpg\" alt=\"\" class=\"wp-image-2307\" srcset=\"https:\/\/brusckvallen.se\/wp-content\/uploads\/2023\/12\/20231209_143654700_iOS-1-768x1024.jpg 768w, https:\/\/brusckvallen.se\/wp-content\/uploads\/2023\/12\/20231209_143654700_iOS-1-225x300.jpg 225w, https:\/\/brusckvallen.se\/wp-content\/uploads\/2023\/12\/20231209_143654700_iOS-1-1152x1536.jpg 1152w, https:\/\/brusckvallen.se\/wp-content\/uploads\/2023\/12\/20231209_143654700_iOS-1-1536x2048.jpg 1536w, https:\/\/brusckvallen.se\/wp-content\/uploads\/2023\/12\/20231209_143654700_iOS-1-scaled.jpg 1920w\" sizes=\"auto, (max-width: 768px) 100vw, 768px\" \/><\/figure>\n\n\n\n<figure class=\"wp-block-image size-large\"><img loading=\"lazy\" decoding=\"async\" width=\"1024\" height=\"682\" data-id=\"2571\" src=\"https:\/\/brusckvallen.se\/wp-content\/uploads\/2024\/05\/20240514_100410000_iOS-1024x682.jpg\" alt=\"\" class=\"wp-image-2571\" srcset=\"https:\/\/brusckvallen.se\/wp-content\/uploads\/2024\/05\/20240514_100410000_iOS-1024x682.jpg 1024w, https:\/\/brusckvallen.se\/wp-content\/uploads\/2024\/05\/20240514_100410000_iOS-300x200.jpg 300w, https:\/\/brusckvallen.se\/wp-content\/uploads\/2024\/05\/20240514_100410000_iOS-768x512.jpg 768w, https:\/\/brusckvallen.se\/wp-content\/uploads\/2024\/05\/20240514_100410000_iOS-1536x1023.jpg 1536w, https:\/\/brusckvallen.se\/wp-content\/uploads\/2024\/05\/20240514_100410000_iOS-2048x1364.jpg 2048w\" sizes=\"auto, (max-width: 1024px) 100vw, 1024px\" \/><\/figure>\n\n\n\n<figure class=\"wp-block-image size-large\"><img loading=\"lazy\" decoding=\"async\" width=\"768\" height=\"1024\" data-id=\"2250\" src=\"https:\/\/brusckvallen.se\/wp-content\/uploads\/2023\/12\/20231125_105832000_iOS-1-768x1024.jpg\" alt=\"\" class=\"wp-image-2250\" srcset=\"https:\/\/brusckvallen.se\/wp-content\/uploads\/2023\/12\/20231125_105832000_iOS-1-768x1025.jpg 768w, https:\/\/brusckvallen.se\/wp-content\/uploads\/2023\/12\/20231125_105832000_iOS-1-225x300.jpg 225w, https:\/\/brusckvallen.se\/wp-content\/uploads\/2023\/12\/20231125_105832000_iOS-1-1151x1536.jpg 1151w, https:\/\/brusckvallen.se\/wp-content\/uploads\/2023\/12\/20231125_105832000_iOS-1.jpg 1428w\" sizes=\"auto, (max-width: 768px) 100vw, 768px\" \/><\/figure>\n<\/figure>\n\n\n\n<div class=\"wp-block-group has-global-padding is-layout-constrained wp-block-group-is-layout-constrained\">\n<p>Stugan ligger p\u00e5 g\u00e5ngavst\u00e5nd till StigMyhrs Livs, skidstadion och skidbussen, Man f\u00e5r plats med flera bilar p\u00e5 infarten och 11kW billaddare ing\u00e5r f\u00f6r er som har elbil. Ved ing\u00e5r f\u00f6r \u00e4ntligen har vi hunnit k\u00f6ra ikapp lite med vedklyven.<br>Ramundberget ligger 8 km bort, Fun\u00e4sdalsberget 14 km och T\u00e4nndalsliftarna p\u00e5 33 km avst\u00e5nd. Naturen \u00e4r dock alltid n\u00e4ra&#8230;utanf\u00f6r f\u00f6nstren har vi hittills sett b\u00e5de ren, ripa och r\u00e4v men vare sig bj\u00f6rn eller bj\u00e4rv. Och norrskenet fr\u00e5n storstugan \u00e4r ett magnifikt sk\u00e5despel!<\/p>\n<\/div>\n\n\n\n<figure class=\"wp-block-gallery has-nested-images columns-default is-cropped wp-block-gallery-2 is-layout-flex wp-block-gallery-is-layout-flex\">\n<figure class=\"wp-block-image size-large\"><img loading=\"lazy\" decoding=\"async\" width=\"768\" height=\"1024\" data-id=\"2281\" src=\"https:\/\/brusckvallen.se\/wp-content\/uploads\/2023\/12\/20231125_183207513_iOS-1-768x1024.jpg\" alt=\"\" class=\"wp-image-2281\" srcset=\"https:\/\/brusckvallen.se\/wp-content\/uploads\/2023\/12\/20231125_183207513_iOS-1-768x1024.jpg 768w, https:\/\/brusckvallen.se\/wp-content\/uploads\/2023\/12\/20231125_183207513_iOS-1-225x300.jpg 225w, https:\/\/brusckvallen.se\/wp-content\/uploads\/2023\/12\/20231125_183207513_iOS-1-1152x1536.jpg 1152w, https:\/\/brusckvallen.se\/wp-content\/uploads\/2023\/12\/20231125_183207513_iOS-1.jpg 1536w\" sizes=\"auto, (max-width: 768px) 100vw, 768px\" \/><\/figure>\n\n\n\n<figure class=\"wp-block-image size-large\"><img loading=\"lazy\" decoding=\"async\" width=\"768\" height=\"1024\" data-id=\"2585\" src=\"https:\/\/brusckvallen.se\/wp-content\/uploads\/2024\/05\/20231013_105506068_iOS-768x1024.jpg\" alt=\"\" class=\"wp-image-2585\" srcset=\"https:\/\/brusckvallen.se\/wp-content\/uploads\/2024\/05\/20231013_105506068_iOS-768x1024.jpg 768w, https:\/\/brusckvallen.se\/wp-content\/uploads\/2024\/05\/20231013_105506068_iOS-225x300.jpg 225w, https:\/\/brusckvallen.se\/wp-content\/uploads\/2024\/05\/20231013_105506068_iOS-1152x1536.jpg 1152w, https:\/\/brusckvallen.se\/wp-content\/uploads\/2024\/05\/20231013_105506068_iOS.jpg 1536w\" sizes=\"auto, (max-width: 768px) 100vw, 768px\" \/><\/figure>\n<\/figure>\n\n\n\n<p>Vi \u00e4lskar ju v\u00e5rt hus men b\u00e4ttre \u00e4r kanske att l\u00e4sa vad v\u00e5ra hyresg\u00e4ster har skrivit om stugan.<\/p>\n\n\n\n<p class=\"has-small-font-size\"><em>\u201dFantastiskt fin stuga! Rent och stiligt, fina rum och bekv\u00e4ma s\u00e4ngar. V\u00e4ldigt n\u00e4ra skidsp\u00e5ren. Rekommenderar starkt! Vi kommer g\u00e4rna tillbaka.\u201d (Sofia AirBnB)<\/em><br><br><em>&#8221;22-25\/2 En helg i glada v\u00e4nners lag. Bruksvallarna bj\u00f6d p\u00e5 typiskt fj\u00e4llv\u00e4der, dvs sn\u00f6fall, storm och fantastisk sol. Tack f\u00f6r m\u00e5nga glada skratt, god mat och dryck samt ett boende som var \u00f6ver f\u00f6rv\u00e4ntan. Vilken stuga! H\u00e4r saknas inget. Vi kommer g\u00e4rna tillbaka!&#8221; (G\u00e4stboken)<\/em><\/p>\n\n\n\n<figure class=\"wp-block-image size-large\"><img loading=\"lazy\" decoding=\"async\" width=\"1024\" height=\"683\" src=\"https:\/\/brusckvallen.se\/wp-content\/uploads\/2024\/05\/20240514_022516760_iOS-1-1024x683.jpg\" alt=\"\" class=\"wp-image-2593\" srcset=\"https:\/\/brusckvallen.se\/wp-content\/uploads\/2024\/05\/20240514_022516760_iOS-1-1024x683.jpg 1024w, https:\/\/brusckvallen.se\/wp-content\/uploads\/2024\/05\/20240514_022516760_iOS-1-300x200.jpg 300w, https:\/\/brusckvallen.se\/wp-content\/uploads\/2024\/05\/20240514_022516760_iOS-1-768x512.jpg 768w, https:\/\/brusckvallen.se\/wp-content\/uploads\/2024\/05\/20240514_022516760_iOS-1-1536x1024.jpg 1536w, https:\/\/brusckvallen.se\/wp-content\/uploads\/2024\/05\/20240514_022516760_iOS-1-2048x1365.jpg 2048w\" sizes=\"auto, (max-width: 1024px) 100vw, 1024px\" \/><\/figure>\n\n\n\n<p class=\"has-small-font-size\"><em>\u201dHej! Varmt tack f\u00f6r en fantastisk vecka. Vi har \u00e4lskat att bo i ert fina hus med de vackra vyerna runt oss. H\u00e4r har vi f\u00e5tt r\u00e5 om om varandra, lagat god mat, umg\u00e5tts, skrattat, dansat, spelat spel, bastat, druckit kaffe i solen p\u00e5 farstukvisten. Bara haft det underbart! Tack f\u00f6r en toppen vecka fr\u00e5n alla oss!\u201d (Privat meddelande)<\/em><\/p>\n\n\n\n<figure class=\"wp-block-image size-large\"><img loading=\"lazy\" decoding=\"async\" width=\"1024\" height=\"768\" src=\"https:\/\/brusckvallen.se\/wp-content\/uploads\/2024\/04\/Hem-1024x768.jpg\" alt=\"\" class=\"wp-image-2519\" srcset=\"https:\/\/brusckvallen.se\/wp-content\/uploads\/2024\/04\/Hem-1024x768.jpg 1024w, https:\/\/brusckvallen.se\/wp-content\/uploads\/2024\/04\/Hem-300x225.jpg 300w, https:\/\/brusckvallen.se\/wp-content\/uploads\/2024\/04\/Hem-768x576.jpg 768w, https:\/\/brusckvallen.se\/wp-content\/uploads\/2024\/04\/Hem-1536x1151.jpg 1536w\" sizes=\"auto, (max-width: 1024px) 100vw, 1024px\" \/><\/figure>\n\n\n\n<p class=\"has-small-font-size\"><em>\u201dHej! Vilket fint fj\u00e4llhus! Snart \u00e5ker vi tillbaka till M\u00e4lardalen, vi har haft en otroligt fin vecka i ert fj\u00e4llhus. Solen sken n\u00e4stan varje dag och f\u00f6rh\u00e5llanden i sp\u00e5ren var toppenbra. Vi tycker att huset har alla bekv\u00e4mligheter som beh\u00f6vs.\u201d (Privat meddelande)<br><br>\u201dHej! Vi har haft en j\u00e4ttefin helg. Allt var toppen! Stugan var riktigt mysig och vi saknade absolut ingenting. Vi kommer g\u00e4rna tillbaka n\u00e5gon g\u00e5ng!\u201d (Privat meddelande)<\/em><\/p>\n\n\n\n<figure class=\"wp-block-gallery has-nested-images columns-default is-cropped wp-block-gallery-3 is-layout-flex wp-block-gallery-is-layout-flex\">\n<figure class=\"wp-block-image size-large\"><img loading=\"lazy\" decoding=\"async\" width=\"768\" height=\"1024\" data-id=\"2344\" src=\"https:\/\/brusckvallen.se\/wp-content\/uploads\/2024\/01\/IMG_9664-768x1024.jpeg\" alt=\"\" class=\"wp-image-2344\" srcset=\"https:\/\/brusckvallen.se\/wp-content\/uploads\/2024\/01\/IMG_9664-768x1024.jpeg 768w, https:\/\/brusckvallen.se\/wp-content\/uploads\/2024\/01\/IMG_9664-225x300.jpeg 225w, https:\/\/brusckvallen.se\/wp-content\/uploads\/2024\/01\/IMG_9664-1152x1536.jpeg 1152w, https:\/\/brusckvallen.se\/wp-content\/uploads\/2024\/01\/IMG_9664-1536x2048.jpeg 1536w, https:\/\/brusckvallen.se\/wp-content\/uploads\/2024\/01\/IMG_9664-scaled.jpeg 1920w\" sizes=\"auto, (max-width: 768px) 100vw, 768px\" \/><\/figure>\n\n\n\n<figure class=\"wp-block-image size-large\"><img loading=\"lazy\" decoding=\"async\" width=\"768\" height=\"1024\" data-id=\"96\" src=\"https:\/\/brusckvallen.se\/wp-content\/uploads\/2023\/09\/15-768x1024.jpg\" alt=\"\" class=\"wp-image-96\" srcset=\"https:\/\/brusckvallen.se\/wp-content\/uploads\/2023\/09\/15-768x1024.jpg 768w, https:\/\/brusckvallen.se\/wp-content\/uploads\/2023\/09\/15-225x300.jpg 225w, https:\/\/brusckvallen.se\/wp-content\/uploads\/2023\/09\/15.jpg 960w\" sizes=\"auto, (max-width: 768px) 100vw, 768px\" \/><\/figure>\n<\/figure>\n\n\n\n<p>PS Namnet p\u00e5 stugan \u00e4r f\u00f6rvisso en tungvrickare men framf\u00f6rallt en ordlek med v\u00e5rt efternamn och byns namn. V\u00e5r egna plats i byn kort och gott! <\/p>\n\n\n\n<figure class=\"wp-block-video\"><video height=\"1080\" style=\"aspect-ratio: 1920 \/ 1080;\" width=\"1920\" controls src=\"https:\/\/brusckvallen.se\/wp-content\/uploads\/2023\/09\/20230713_141545000_iOS.mov\"><\/video><\/figure>\n","protected":false},"excerpt":{"rendered":"<p>V\u00e4lkomna till Bruksvallarna och Brusckvallen, v\u00e5r fina fj\u00e4llstuga som ligger omgiven av fj\u00e4llbj\u00f6rkar och med vinterparadiset \u00f6verallt runt omkring. Huset \u00e4r ljust och rymligt med 8 b\u00e4ddar + 2 extrab\u00e4ddar. Det ligger h\u00f6gt och vetter med stora f\u00f6nster \u00f6ver stugtak mot Mitt\u00e5kl\u00e4ppen och Ramundberget. L\u00e4ngdsp\u00e5r och vandringsleder finns p\u00e5 g\u00e5ngavst\u00e5nd. Och vet man var man [&hellip;]<\/p>\n","protected":false},"author":1,"featured_media":0,"parent":0,"menu_order":0,"comment_status":"closed","ping_status":"closed","template":"","meta":{"footnotes":""},"class_list":["post-7","page","type-page","status-publish","hentry"],"_links":{"self":[{"href":"https:\/\/brusckvallen.se\/brusckvallen\/wp-json\/wp\/v2\/pages\/7","targetHints":{"allow":["GET"]}}],"collection":[{"href":"https:\/\/brusckvallen.se\/brusckvallen\/wp-json\/wp\/v2\/pages"}],"about":[{"href":"https:\/\/brusckvallen.se\/brusckvallen\/wp-json\/wp\/v2\/types\/page"}],"author":[{"embeddable":true,"href":"https:\/\/brusckvallen.se\/brusckvallen\/wp-json\/wp\/v2\/users\/1"}],"replies":[{"embeddable":true,"href":"https:\/\/brusckvallen.se\/brusckvallen\/wp-json\/wp\/v2\/comments?post=7"}],"version-history":[{"count":78,"href":"https:\/\/brusckvallen.se\/brusckvallen\/wp-json\/wp\/v2\/pages\/7\/revisions"}],"predecessor-version":[{"id":2713,"href":"https:\/\/brusckvallen.se\/brusckvallen\/wp-json\/wp\/v2\/pages\/7\/revisions\/2713"}],"wp:attachment":[{"href":"https:\/\/brusckvallen.se\/brusckvallen\/wp-json\/wp\/v2\/media?parent=7"}],"curies":[{"name":"wp","href":"https:\/\/api.w.org\/{rel}","templated":true}]}}