{"id":45,"date":"2023-09-21T20:48:31","date_gmt":"2023-09-21T20:48:31","guid":{"rendered":"https:\/\/brusckvallen.se\/brusckvallen\/?page_id=45"},"modified":"2026-03-14T08:41:17","modified_gmt":"2026-03-14T08:41:17","slug":"bokning","status":"publish","type":"page","link":"https:\/\/brusckvallen.se\/brusckvallen\/bokning\/","title":{"rendered":"Bokning"},"content":{"rendered":"\n<p>Lediga veckor under vinters\u00e4songen finns i kalendern. Kontakta oss g\u00e4rna f\u00f6r en f\u00f6rfr\u00e5gan eller om ni har andra fr\u00e5gor p\u00e5 <a href=\"mailto:boka@brusckvallen.se\">boka@brusckvallen.se<\/a><\/p>\n\n\n\n<div id=\"brusckvallen-calendar\" \ndata-weeks-unavailable=\"\n2025-01-01:2026-02-15 \n2025-03-08:2026-03-22 \n2026-04-19:2026-10-25 \n2026-11-29:2027-01-31 \n2027-03-21:2030-01-31 \"\n\ndata-weeks-booked=\" \n2026-02-15:2026-04-19 \n \" \n\ndata-weeks-low-season=\"\n2026-11-01:2026-11-15 \n2026-11-22:2026-11-29 \n2027-01-31:2027-02-14 \"\n\ndata-weeks-mid-season=\"\n2027-02-14:2027-02-21 \n2027-03-07:2027-03-14 \"\n\ndata-weeks-high-season=\"\n2026-10-25:2026-11-01 \n2027-02-21:2027-02-28 \n2027-03-14:2027-03-21 \"\n\ndata-weeks-high-plus-season=\"\n2026-11-15:2026-11-22 \n2027-02-28:2027-03-07 \"\n\n>\n\n\n  <div class=\"top\">\n    <button class=\"prev\">&lt;<\/button>\n    <p><\/p>\n    <button class=\"next\">&gt;<\/button>\n  <\/div>\n  <div class=\"day-tiles\"><\/div>\n  <div class=\"calendar-tiles\"><\/div>\n<\/div>\n<script src=\"https:\/\/cdn.jsdelivr.net\/npm\/dayjs@1\/dayjs.min.js\"><\/script>\n<script src=\"https:\/\/brusckvallen.se\/wp-content\/uploads\/calendar.min.js\"><\/script>\n<style>.calendar-tiles,.day-tiles{display:grid;grid-template-columns:repeat(7,1fr)}.calendar-tiles .tile,.day-tiles .tile{background-color:#fff;text-align:center}.calendar-tiles .tile p,.top p{position:absolute;margin:0;left:50%;top:50%;transform:translate(-50%,-50%)}.calendar-tiles .tile.filler,.top button{background-color:#eee}#brusckvallen-calendar *{user-select:none;-webkit-user-select:none;-moz-user-select:none;-ms-user-select:none}.calendar-tiles{background-color:#ccc;gap:1px;padding:1px}.calendar-tiles .tile,.day-tiles .tile,.top{box-sizing:border-box;padding:10px}.calendar-tiles .tile{position:relative;height:2rem}.calendar-tiles .tile p{z-index:2}.calendar-tiles .tile.start::before{position:absolute;content:' ';top:0;left:0;right:0;bottom:0;clip-path:polygon(100% 0,0% 100%,100% 100%);z-index:1}.calendar-tiles .tile.end::after{position:absolute;content:' ';top:0;left:0;right:0;bottom:0;clip-path:polygon(100% 0,0% 100%,0 0);z-index:1}.calendar-tiles .tile.booked-during.during,.calendar-tiles .tile.booked-end::after,.calendar-tiles .tile.booked-start::before{background-color:#ff9999}.calendar-tiles .tile.unavailable-during.during,.calendar-tiles .tile.unavailable-end::after,.calendar-tiles .tile.unavailable-start::before{background-color:#bbb}.calendar-tiles .tile.low-season-during.during,.calendar-tiles .tile.low-season-end::after,.calendar-tiles .tile.low-season-start::before{background-color:#ccffcc}.calendar-tiles .tile.mid-season-during.during,.calendar-tiles .tile.mid-season-end::after,.calendar-tiles .tile.mid-season-start::before{background-color:#45ab5c}.calendar-tiles .tile.high-season-during.during,.calendar-tiles .tile.high-season-end::after,.calendar-tiles .tile.high-season-start::before{background-color:#336600}.calendar-tiles .tile.high-plus-season-during.during,.calendar-tiles .tile.high-plus-season-end::after,.calendar-tiles .tile.high-plus-season-start::before{background-color:#4682B4}.day-tiles .tile.day{background-color:#333;color:#fff}.top{height:60px;position:relative;display:flex;justify-content:space-between;align-items:center}.top p{font-size:1.5rem}.top button{all:unset;cursor:pointer;padding:5px 10px;border:1px solid #ccc}<\/style>\n\n\n\n<p>\n<span style=\"transform: translateY(2px); display: inline-block; height: 1rem; width: 2rem; background-color: #4682B4\"><\/span> 21 000 kr\/vecka \n<br \/>\n<span style=\"transform: translateY(2px); display: inline-block; height: 1rem; width: 2rem; background-color: #336600\"><\/span> 18 000 kr\/vecka \n<br \/>\n<span style=\"transform: translateY(2px); display: inline-block; height: 1rem; width: 2rem; background-color:  #45ab5c\"><\/span> 15 000 kr\/vecka \n<br \/>\n<span style=\"transform: translateY(2px); display: inline-block; height: 1rem; width: 2rem; background-color: #ccffcc\"><\/span>  13 000 kr\/vecka \n<br \/>\n<span style=\"transform: translateY(2px); display: inline-block; height: 1rem; width: 2rem; background-color: #bbb\"><\/span>  Ej tillg\u00e4nglig   \n<br \/>\n<span style=\"transform: translateY(2px); display: inline-block; height: 1rem; width: 2rem; background-color: #ff9999\"><\/span>  Bokat\n\n<\/p>\n\n\n\n<p>Bytesdag s\u00f6ndagar. Incheckning fr\u00e5n 16:00 och utcheckning till 10:00. Vi \u00f6nskar att h\u00e5lla stugan r\u00f6kfri och husdjursfri. S\u00e4nglinnen och handdukar h\u00e5ller hyresg\u00e4ster med men kan best\u00e4llas extra genom Stugservice. Avresest\u00e4d och b\u00e4ddning kan g\u00e5 att boka i m\u00e5n av tillg\u00e4nglighet hos Stugservice. De \u00e4r r\u00e4tt bokade men ju tidigare i f\u00f6rv\u00e4g man bokar, desto st\u00f6rre chans att det fortfarande har m\u00f6jlighet.<\/p>\n\n\n\n<figure class=\"wp-block-gallery has-nested-images columns-default is-cropped wp-block-gallery-1 is-layout-flex wp-block-gallery-is-layout-flex\">\n<figure class=\"wp-block-image size-large\"><img loading=\"lazy\" decoding=\"async\" width=\"768\" height=\"1024\" data-id=\"2285\" src=\"https:\/\/brusckvallen.se\/wp-content\/uploads\/2023\/12\/2-768x1024.jpg\" alt=\"\" class=\"wp-image-2285\" srcset=\"https:\/\/brusckvallen.se\/wp-content\/uploads\/2023\/12\/2-768x1024.jpg 768w, https:\/\/brusckvallen.se\/wp-content\/uploads\/2023\/12\/2-225x300.jpg 225w, https:\/\/brusckvallen.se\/wp-content\/uploads\/2023\/12\/2-1152x1536.jpg 1152w, https:\/\/brusckvallen.se\/wp-content\/uploads\/2023\/12\/2.jpg 1512w\" sizes=\"auto, (max-width: 768px) 100vw, 768px\" \/><\/figure>\n\n\n\n<figure class=\"wp-block-image size-large\"><img loading=\"lazy\" decoding=\"async\" width=\"768\" height=\"1024\" data-id=\"2598\" src=\"https:\/\/brusckvallen.se\/wp-content\/uploads\/2024\/05\/Entre-768x1024.jpg\" alt=\"\" class=\"wp-image-2598\" srcset=\"https:\/\/brusckvallen.se\/wp-content\/uploads\/2024\/05\/Entre-768x1024.jpg 768w, https:\/\/brusckvallen.se\/wp-content\/uploads\/2024\/05\/Entre-225x300.jpg 225w, https:\/\/brusckvallen.se\/wp-content\/uploads\/2024\/05\/Entre-1152x1536.jpg 1152w, https:\/\/brusckvallen.se\/wp-content\/uploads\/2024\/05\/Entre-1536x2048.jpg 1536w, https:\/\/brusckvallen.se\/wp-content\/uploads\/2024\/05\/Entre-scaled.jpg 1920w\" sizes=\"auto, (max-width: 768px) 100vw, 768px\" \/><\/figure>\n<\/figure>\n\n\n\n<p>Vi \u00e4r sparsamma med att hyra ut v\u00e5rt hus. Det kommer garantera en h\u00f6g niv\u00e5 till er som hyr och forts\u00e4tta h\u00e5lla stugan i bra skick f\u00f6r oss som bor h\u00e4r.<\/p>\n\n\n\n<figure class=\"wp-block-gallery has-nested-images columns-default is-cropped wp-block-gallery-2 is-layout-flex wp-block-gallery-is-layout-flex\">\n<figure class=\"wp-block-image size-large\"><img loading=\"lazy\" decoding=\"async\" width=\"683\" height=\"1024\" data-id=\"2581\" src=\"https:\/\/brusckvallen.se\/wp-content\/uploads\/2024\/05\/20240514_024501270_iOS-683x1024.jpg\" alt=\"\" class=\"wp-image-2581\" srcset=\"https:\/\/brusckvallen.se\/wp-content\/uploads\/2024\/05\/20240514_024501270_iOS-683x1024.jpg 683w, https:\/\/brusckvallen.se\/wp-content\/uploads\/2024\/05\/20240514_024501270_iOS-200x300.jpg 200w, https:\/\/brusckvallen.se\/wp-content\/uploads\/2024\/05\/20240514_024501270_iOS-768x1152.jpg 768w, https:\/\/brusckvallen.se\/wp-content\/uploads\/2024\/05\/20240514_024501270_iOS-1024x1536.jpg 1024w, https:\/\/brusckvallen.se\/wp-content\/uploads\/2024\/05\/20240514_024501270_iOS-1365x2048.jpg 1365w, https:\/\/brusckvallen.se\/wp-content\/uploads\/2024\/05\/20240514_024501270_iOS-scaled.jpg 1707w\" sizes=\"auto, (max-width: 683px) 100vw, 683px\" \/><\/figure>\n\n\n\n<figure class=\"wp-block-image size-large\"><img loading=\"lazy\" decoding=\"async\" width=\"768\" height=\"1024\" data-id=\"2600\" src=\"https:\/\/brusckvallen.se\/wp-content\/uploads\/2024\/05\/20231209_113141407_iOS-768x1024.jpg\" alt=\"\" class=\"wp-image-2600\" srcset=\"https:\/\/brusckvallen.se\/wp-content\/uploads\/2024\/05\/20231209_113141407_iOS-768x1024.jpg 768w, https:\/\/brusckvallen.se\/wp-content\/uploads\/2024\/05\/20231209_113141407_iOS-225x300.jpg 225w, https:\/\/brusckvallen.se\/wp-content\/uploads\/2024\/05\/20231209_113141407_iOS-1152x1536.jpg 1152w, https:\/\/brusckvallen.se\/wp-content\/uploads\/2024\/05\/20231209_113141407_iOS-1536x2048.jpg 1536w, https:\/\/brusckvallen.se\/wp-content\/uploads\/2024\/05\/20231209_113141407_iOS-scaled.jpg 1920w\" sizes=\"auto, (max-width: 768px) 100vw, 768px\" \/><\/figure>\n<\/figure>\n","protected":false},"excerpt":{"rendered":"<p>Lediga veckor under vinters\u00e4songen finns i kalendern. Kontakta oss g\u00e4rna f\u00f6r en f\u00f6rfr\u00e5gan eller om ni har andra fr\u00e5gor p\u00e5 boka@brusckvallen.se &lt; &gt; 21 000 kr\/vecka 18 000 kr\/vecka 15 000 kr\/vecka 13 000 kr\/vecka Ej tillg\u00e4nglig Bokat Bytesdag s\u00f6ndagar. Incheckning fr\u00e5n 16:00 och utcheckning till 10:00. Vi \u00f6nskar att h\u00e5lla stugan r\u00f6kfri och husdjursfri. [&hellip;]<\/p>\n","protected":false},"author":1,"featured_media":0,"parent":0,"menu_order":5,"comment_status":"closed","ping_status":"closed","template":"","meta":{"footnotes":"[]"},"class_list":["post-45","page","type-page","status-publish","hentry"],"_links":{"self":[{"href":"https:\/\/brusckvallen.se\/brusckvallen\/wp-json\/wp\/v2\/pages\/45","targetHints":{"allow":["GET"]}}],"collection":[{"href":"https:\/\/brusckvallen.se\/brusckvallen\/wp-json\/wp\/v2\/pages"}],"about":[{"href":"https:\/\/brusckvallen.se\/brusckvallen\/wp-json\/wp\/v2\/types\/page"}],"author":[{"embeddable":true,"href":"https:\/\/brusckvallen.se\/brusckvallen\/wp-json\/wp\/v2\/users\/1"}],"replies":[{"embeddable":true,"href":"https:\/\/brusckvallen.se\/brusckvallen\/wp-json\/wp\/v2\/comments?post=45"}],"version-history":[{"count":270,"href":"https:\/\/brusckvallen.se\/brusckvallen\/wp-json\/wp\/v2\/pages\/45\/revisions"}],"predecessor-version":[{"id":2749,"href":"https:\/\/brusckvallen.se\/brusckvallen\/wp-json\/wp\/v2\/pages\/45\/revisions\/2749"}],"wp:attachment":[{"href":"https:\/\/brusckvallen.se\/brusckvallen\/wp-json\/wp\/v2\/media?parent=45"}],"curies":[{"name":"wp","href":"https:\/\/api.w.org\/{rel}","templated":true}]}}