{"id":42,"date":"2023-09-21T20:44:52","date_gmt":"2023-09-21T20:44:52","guid":{"rendered":"https:\/\/brusckvallen.se\/brusckvallen\/?page_id=42"},"modified":"2024-05-18T14:53:15","modified_gmt":"2024-05-18T14:53:15","slug":"kontakt","status":"publish","type":"page","link":"https:\/\/brusckvallen.se\/brusckvallen\/kontakt\/","title":{"rendered":"Kontakt"},"content":{"rendered":"\n<p>Maila oss p\u00e5 <a href=\"mailto:boka@brusckvallen.se\">boka@brusckvallen.se<\/a> eller SMS:a p\u00e5 070-3272525 f\u00f6r information om bokning, nycklar, adress&#8230;ja allt ni beh\u00f6ver veta.<\/p>\n\n\n\n<figure class=\"wp-block-gallery has-nested-images columns-default is-cropped wp-block-gallery-1 is-layout-flex wp-block-gallery-is-layout-flex\">\n<figure class=\"wp-block-image size-large\"><img loading=\"lazy\" decoding=\"async\" width=\"768\" height=\"1024\" data-id=\"2577\" src=\"https:\/\/brusckvallen.se\/wp-content\/uploads\/2024\/05\/Vint-768x1024.jpg\" alt=\"\" class=\"wp-image-2577\" srcset=\"https:\/\/brusckvallen.se\/wp-content\/uploads\/2024\/05\/Vint-768x1024.jpg 768w, https:\/\/brusckvallen.se\/wp-content\/uploads\/2024\/05\/Vint-225x300.jpg 225w, https:\/\/brusckvallen.se\/wp-content\/uploads\/2024\/05\/Vint-1152x1536.jpg 1152w, https:\/\/brusckvallen.se\/wp-content\/uploads\/2024\/05\/Vint-1536x2048.jpg 1536w, https:\/\/brusckvallen.se\/wp-content\/uploads\/2024\/05\/Vint-scaled.jpg 1920w\" sizes=\"auto, (max-width: 768px) 100vw, 768px\" \/><\/figure>\n\n\n\n<figure class=\"wp-block-image size-large\"><img loading=\"lazy\" decoding=\"async\" width=\"683\" height=\"1024\" data-id=\"2578\" src=\"https:\/\/brusckvallen.se\/wp-content\/uploads\/2024\/05\/20240514_012258610_iOS-1-683x1024.jpg\" alt=\"\" class=\"wp-image-2578\" srcset=\"https:\/\/brusckvallen.se\/wp-content\/uploads\/2024\/05\/20240514_012258610_iOS-1-683x1024.jpg 683w, https:\/\/brusckvallen.se\/wp-content\/uploads\/2024\/05\/20240514_012258610_iOS-1-200x300.jpg 200w, https:\/\/brusckvallen.se\/wp-content\/uploads\/2024\/05\/20240514_012258610_iOS-1-768x1152.jpg 768w, https:\/\/brusckvallen.se\/wp-content\/uploads\/2024\/05\/20240514_012258610_iOS-1-1024x1536.jpg 1024w, https:\/\/brusckvallen.se\/wp-content\/uploads\/2024\/05\/20240514_012258610_iOS-1-1365x2048.jpg 1365w, https:\/\/brusckvallen.se\/wp-content\/uploads\/2024\/05\/20240514_012258610_iOS-1-scaled.jpg 1707w\" sizes=\"auto, (max-width: 683px) 100vw, 683px\" \/><\/figure>\n<\/figure>\n\n\n\n<figure class=\"wp-block-gallery has-nested-images columns-default is-cropped wp-block-gallery-2 is-layout-flex wp-block-gallery-is-layout-flex\">\n<figure class=\"wp-block-image size-large\"><img loading=\"lazy\" decoding=\"async\" width=\"683\" height=\"1024\" data-id=\"2573\" src=\"https:\/\/brusckvallen.se\/wp-content\/uploads\/2024\/05\/20240514_024433380_iOS-1-683x1024.jpg\" alt=\"\" class=\"wp-image-2573\" srcset=\"https:\/\/brusckvallen.se\/wp-content\/uploads\/2024\/05\/20240514_024433380_iOS-1-683x1024.jpg 683w, https:\/\/brusckvallen.se\/wp-content\/uploads\/2024\/05\/20240514_024433380_iOS-1-200x300.jpg 200w, https:\/\/brusckvallen.se\/wp-content\/uploads\/2024\/05\/20240514_024433380_iOS-1-768x1152.jpg 768w, https:\/\/brusckvallen.se\/wp-content\/uploads\/2024\/05\/20240514_024433380_iOS-1-1024x1536.jpg 1024w, https:\/\/brusckvallen.se\/wp-content\/uploads\/2024\/05\/20240514_024433380_iOS-1-1365x2048.jpg 1365w, https:\/\/brusckvallen.se\/wp-content\/uploads\/2024\/05\/20240514_024433380_iOS-1-scaled.jpg 1707w\" sizes=\"auto, (max-width: 683px) 100vw, 683px\" \/><\/figure>\n\n\n\n<figure class=\"wp-block-image size-large\"><img loading=\"lazy\" decoding=\"async\" width=\"768\" height=\"1024\" data-id=\"2576\" src=\"https:\/\/brusckvallen.se\/wp-content\/uploads\/2024\/05\/20231209_065920885_iOS-768x1024.jpg\" alt=\"\" class=\"wp-image-2576\" srcset=\"https:\/\/brusckvallen.se\/wp-content\/uploads\/2024\/05\/20231209_065920885_iOS-768x1024.jpg 768w, https:\/\/brusckvallen.se\/wp-content\/uploads\/2024\/05\/20231209_065920885_iOS-225x300.jpg 225w, https:\/\/brusckvallen.se\/wp-content\/uploads\/2024\/05\/20231209_065920885_iOS-1152x1536.jpg 1152w, https:\/\/brusckvallen.se\/wp-content\/uploads\/2024\/05\/20231209_065920885_iOS-1536x2048.jpg 1536w, https:\/\/brusckvallen.se\/wp-content\/uploads\/2024\/05\/20231209_065920885_iOS-scaled.jpg 1920w\" sizes=\"auto, (max-width: 768px) 100vw, 768px\" \/><\/figure>\n<\/figure>\n\n\n\n<figure class=\"wp-block-gallery has-nested-images columns-default is-cropped wp-block-gallery-3 is-layout-flex wp-block-gallery-is-layout-flex\">\n<figure class=\"wp-block-image size-large\"><img loading=\"lazy\" decoding=\"async\" width=\"768\" height=\"1024\" data-id=\"2405\" src=\"https:\/\/brusckvallen.se\/wp-content\/uploads\/2024\/01\/IMG_9559-768x1024.jpeg\" alt=\"\" class=\"wp-image-2405\" srcset=\"https:\/\/brusckvallen.se\/wp-content\/uploads\/2024\/01\/IMG_9559-768x1024.jpeg 768w, https:\/\/brusckvallen.se\/wp-content\/uploads\/2024\/01\/IMG_9559-225x300.jpeg 225w, https:\/\/brusckvallen.se\/wp-content\/uploads\/2024\/01\/IMG_9559-1152x1536.jpeg 1152w, https:\/\/brusckvallen.se\/wp-content\/uploads\/2024\/01\/IMG_9559-1536x2048.jpeg 1536w, https:\/\/brusckvallen.se\/wp-content\/uploads\/2024\/01\/IMG_9559-scaled.jpeg 1920w\" sizes=\"auto, (max-width: 768px) 100vw, 768px\" \/><\/figure>\n\n\n\n<figure class=\"wp-block-image size-large\"><img loading=\"lazy\" decoding=\"async\" width=\"768\" height=\"1024\" data-id=\"2406\" src=\"https:\/\/brusckvallen.se\/wp-content\/uploads\/2024\/01\/IMG_9538-768x1024.jpeg\" alt=\"\" class=\"wp-image-2406\" srcset=\"https:\/\/brusckvallen.se\/wp-content\/uploads\/2024\/01\/IMG_9538-768x1024.jpeg 768w, https:\/\/brusckvallen.se\/wp-content\/uploads\/2024\/01\/IMG_9538-225x300.jpeg 225w, https:\/\/brusckvallen.se\/wp-content\/uploads\/2024\/01\/IMG_9538-1152x1536.jpeg 1152w, https:\/\/brusckvallen.se\/wp-content\/uploads\/2024\/01\/IMG_9538-1536x2048.jpeg 1536w, https:\/\/brusckvallen.se\/wp-content\/uploads\/2024\/01\/IMG_9538-scaled.jpeg 1920w\" sizes=\"auto, (max-width: 768px) 100vw, 768px\" \/><\/figure>\n<\/figure>\n\n\n\n<figure class=\"wp-block-gallery has-nested-images columns-default is-cropped wp-block-gallery-4 is-layout-flex wp-block-gallery-is-layout-flex\">\n<figure class=\"wp-block-image size-large\"><img loading=\"lazy\" decoding=\"async\" width=\"729\" height=\"1024\" data-id=\"2579\" src=\"https:\/\/brusckvallen.se\/wp-content\/uploads\/2024\/05\/20240514_020552350_iOS-2-729x1024.jpg\" alt=\"\" class=\"wp-image-2579\" srcset=\"https:\/\/brusckvallen.se\/wp-content\/uploads\/2024\/05\/20240514_020552350_iOS-2-729x1024.jpg 729w, https:\/\/brusckvallen.se\/wp-content\/uploads\/2024\/05\/20240514_020552350_iOS-2-214x300.jpg 214w, https:\/\/brusckvallen.se\/wp-content\/uploads\/2024\/05\/20240514_020552350_iOS-2-768x1078.jpg 768w, https:\/\/brusckvallen.se\/wp-content\/uploads\/2024\/05\/20240514_020552350_iOS-2-1094x1536.jpg 1094w, https:\/\/brusckvallen.se\/wp-content\/uploads\/2024\/05\/20240514_020552350_iOS-2-1459x2048.jpg 1459w, https:\/\/brusckvallen.se\/wp-content\/uploads\/2024\/05\/20240514_020552350_iOS-2-scaled.jpg 1823w\" sizes=\"auto, (max-width: 729px) 100vw, 729px\" \/><\/figure>\n\n\n\n<figure class=\"wp-block-image size-large\"><img loading=\"lazy\" decoding=\"async\" width=\"768\" height=\"1024\" data-id=\"2413\" src=\"https:\/\/brusckvallen.se\/wp-content\/uploads\/2024\/01\/IMG_9637-768x1024.jpeg\" alt=\"\" class=\"wp-image-2413\" srcset=\"https:\/\/brusckvallen.se\/wp-content\/uploads\/2024\/01\/IMG_9637-768x1024.jpeg 768w, https:\/\/brusckvallen.se\/wp-content\/uploads\/2024\/01\/IMG_9637-225x300.jpeg 225w, https:\/\/brusckvallen.se\/wp-content\/uploads\/2024\/01\/IMG_9637-1152x1536.jpeg 1152w, https:\/\/brusckvallen.se\/wp-content\/uploads\/2024\/01\/IMG_9637-1536x2048.jpeg 1536w, https:\/\/brusckvallen.se\/wp-content\/uploads\/2024\/01\/IMG_9637-scaled.jpeg 1920w\" sizes=\"auto, (max-width: 768px) 100vw, 768px\" \/><\/figure>\n<\/figure>\n","protected":false},"excerpt":{"rendered":"<p>Maila oss p\u00e5 boka@brusckvallen.se eller SMS:a p\u00e5 070-3272525 f\u00f6r information om bokning, nycklar, adress&#8230;ja allt ni beh\u00f6ver veta.<\/p>\n","protected":false},"author":1,"featured_media":0,"parent":0,"menu_order":4,"comment_status":"closed","ping_status":"closed","template":"","meta":{"footnotes":""},"class_list":["post-42","page","type-page","status-publish","hentry"],"_links":{"self":[{"href":"https:\/\/brusckvallen.se\/brusckvallen\/wp-json\/wp\/v2\/pages\/42","targetHints":{"allow":["GET"]}}],"collection":[{"href":"https:\/\/brusckvallen.se\/brusckvallen\/wp-json\/wp\/v2\/pages"}],"about":[{"href":"https:\/\/brusckvallen.se\/brusckvallen\/wp-json\/wp\/v2\/types\/page"}],"author":[{"embeddable":true,"href":"https:\/\/brusckvallen.se\/brusckvallen\/wp-json\/wp\/v2\/users\/1"}],"replies":[{"embeddable":true,"href":"https:\/\/brusckvallen.se\/brusckvallen\/wp-json\/wp\/v2\/comments?post=42"}],"version-history":[{"count":23,"href":"https:\/\/brusckvallen.se\/brusckvallen\/wp-json\/wp\/v2\/pages\/42\/revisions"}],"predecessor-version":[{"id":2580,"href":"https:\/\/brusckvallen.se\/brusckvallen\/wp-json\/wp\/v2\/pages\/42\/revisions\/2580"}],"wp:attachment":[{"href":"https:\/\/brusckvallen.se\/brusckvallen\/wp-json\/wp\/v2\/media?parent=42"}],"curies":[{"name":"wp","href":"https:\/\/api.w.org\/{rel}","templated":true}]}}